{"id":1803,"date":"2025-12-10T20:45:17","date_gmt":"2025-12-10T20:45:17","guid":{"rendered":"https:\/\/valeriiaflowers.md\/produs\/norul-parfumat-de-trandafiri-ohara-rosa-odorata\/"},"modified":"2025-12-10T20:55:27","modified_gmt":"2025-12-10T20:55:27","slug":"norul-parfumat-de-trandafiri-ohara-rosa-odorata","status":"publish","type":"product","link":"https:\/\/valeriiaflowers.md\/ro\/produs\/norul-parfumat-de-trandafiri-ohara-rosa-odorata\/","title":{"rendered":"Norul parfumat de trandafiri Ohara \u201eRosa Odorata\u201d"},"content":{"rendered":"<p>Compozi\u021bie: Trandafir pivoinier Pink Ohara \u2013 17 buc.<\/p>\n","protected":false},"excerpt":{"rendered":"<p>Trandafirii Pink Ohara sunt un nor parfumat format din 17 trandafiri de gr\u0103din\u0103 cu petale delicate \u0219i un caracter rafinat francez.<\/p>\n","protected":false},"featured_media":1801,"comment_status":"open","ping_status":"closed","template":"","meta":{"inline_featured_image":false},"product_brand":[],"product_cat":[75,60,51,683],"product_tag":[],"specifications":[636],"class_list":{"0":"post-1803","1":"product","2":"type-product","3":"status-publish","4":"has-post-thumbnail","6":"product_cat-buchete-cu-trandafiri","7":"product_cat-buchete-simple","8":"product_cat-trandafiri-2","9":"product_cat-trandafiri-cu-aspect-de-bujor","10":"specifications-mediu","12":"first","13":"instock","14":"shipping-taxable","15":"purchasable","16":"product-type-simple"},"yoast_head":"<!-- This site is optimized with the Yoast SEO plugin v27.4 - https:\/\/yoast.com\/product\/yoast-seo-wordpress\/ -->\n<title>Norul parfumat de trandafiri Ohara \u201eRosa Odorata\u201d - Valeries Flowers<\/title>\n<meta name=\"description\" content=\"Trandafiri Pink Ohara \u2014 un nor parfumat format din 17 trandafiri delicati de gr\u0103din\u0103. Trandafiri Pink Ohara \u2014 un nor parfumat format din 17 trandafiri delicati de gr\u0103din\u0103.Cadoul perfect cu livrare rapid\u0103 de flori \u00een Chi\u0219in\u0103u.\" \/>\n<meta name=\"robots\" content=\"index, follow, max-snippet:-1, max-image-preview:large, max-video-preview:-1\" \/>\n<meta property=\"og:locale\" content=\"ro_RO\" \/>\n<meta property=\"og:type\" content=\"article\" \/>\n<meta property=\"og:title\" content=\"Norul parfumat de trandafiri Ohara \u201eRosa Odorata\u201d - Valeries Flowers\" \/>\n<meta property=\"og:description\" content=\"Trandafiri Pink Ohara \u2014 un nor parfumat format din 17 trandafiri delicati de gr\u0103din\u0103. Trandafiri Pink Ohara \u2014 un nor parfumat format din 17 trandafiri delicati de gr\u0103din\u0103.Cadoul perfect cu livrare rapid\u0103 de flori \u00een Chi\u0219in\u0103u.\" \/>\n<meta property=\"og:url\" content=\"https:\/\/valeriiaflowers.md\/ro\/produs\/norul-parfumat-de-trandafiri-ohara-rosa-odorata\/\" \/>\n<meta property=\"og:site_name\" content=\"Valeries Flowers\" \/>\n<meta property=\"article:modified_time\" content=\"2025-12-10T20:55:27+00:00\" \/>\n<meta property=\"og:image\" content=\"https:\/\/valeriiaflowers.md\/wp-content\/uploads\/2025\/12\/img_2648.jpeg\" \/>\n\t<meta property=\"og:image:width\" content=\"747\" \/>\n\t<meta property=\"og:image:height\" content=\"1024\" \/>\n\t<meta property=\"og:image:type\" content=\"image\/jpeg\" \/>\n<meta name=\"twitter:card\" content=\"summary_large_image\" \/>\n<script type=\"application\/ld+json\" class=\"yoast-schema-graph\">{\"@context\":\"https:\\\/\\\/schema.org\",\"@graph\":[{\"@type\":\"WebPage\",\"@id\":\"https:\\\/\\\/valeriiaflowers.md\\\/ro\\\/produs\\\/norul-parfumat-de-trandafiri-ohara-rosa-odorata\\\/\",\"url\":\"https:\\\/\\\/valeriiaflowers.md\\\/ro\\\/produs\\\/norul-parfumat-de-trandafiri-ohara-rosa-odorata\\\/\",\"name\":\"Norul parfumat de trandafiri Ohara \u201eRosa Odorata\u201d - Valeries Flowers\",\"isPartOf\":{\"@id\":\"https:\\\/\\\/valeriiaflowers.md\\\/#website\"},\"primaryImageOfPage\":{\"@id\":\"https:\\\/\\\/valeriiaflowers.md\\\/ro\\\/produs\\\/norul-parfumat-de-trandafiri-ohara-rosa-odorata\\\/#primaryimage\"},\"image\":{\"@id\":\"https:\\\/\\\/valeriiaflowers.md\\\/ro\\\/produs\\\/norul-parfumat-de-trandafiri-ohara-rosa-odorata\\\/#primaryimage\"},\"thumbnailUrl\":\"https:\\\/\\\/valeriiaflowers.md\\\/wp-content\\\/uploads\\\/2025\\\/12\\\/img_2648.jpeg\",\"datePublished\":\"2025-12-10T20:45:17+00:00\",\"dateModified\":\"2025-12-10T20:55:27+00:00\",\"description\":\"Trandafiri Pink Ohara \u2014 un nor parfumat format din 17 trandafiri delicati de gr\u0103din\u0103. Trandafiri Pink Ohara \u2014 un nor parfumat format din 17 trandafiri delicati de gr\u0103din\u0103.Cadoul perfect cu livrare rapid\u0103 de flori \u00een Chi\u0219in\u0103u.\",\"breadcrumb\":{\"@id\":\"https:\\\/\\\/valeriiaflowers.md\\\/ro\\\/produs\\\/norul-parfumat-de-trandafiri-ohara-rosa-odorata\\\/#breadcrumb\"},\"inLanguage\":\"ro-RO\",\"potentialAction\":[{\"@type\":\"ReadAction\",\"target\":[\"https:\\\/\\\/valeriiaflowers.md\\\/ro\\\/produs\\\/norul-parfumat-de-trandafiri-ohara-rosa-odorata\\\/\"]}]},{\"@type\":\"ImageObject\",\"inLanguage\":\"ro-RO\",\"@id\":\"https:\\\/\\\/valeriiaflowers.md\\\/ro\\\/produs\\\/norul-parfumat-de-trandafiri-ohara-rosa-odorata\\\/#primaryimage\",\"url\":\"https:\\\/\\\/valeriiaflowers.md\\\/wp-content\\\/uploads\\\/2025\\\/12\\\/img_2648.jpeg\",\"contentUrl\":\"https:\\\/\\\/valeriiaflowers.md\\\/wp-content\\\/uploads\\\/2025\\\/12\\\/img_2648.jpeg\",\"width\":747,\"height\":1024},{\"@type\":\"BreadcrumbList\",\"@id\":\"https:\\\/\\\/valeriiaflowers.md\\\/ro\\\/produs\\\/norul-parfumat-de-trandafiri-ohara-rosa-odorata\\\/#breadcrumb\",\"itemListElement\":[{\"@type\":\"ListItem\",\"position\":1,\"name\":\"\u0413\u043b\u0430\u0432\u043d\u0430\u044f \u0441\u0442\u0440\u0430\u043d\u0438\u0446\u0430\",\"item\":\"https:\\\/\\\/valeriiaflowers.md\\\/ro\\\/\"},{\"@type\":\"ListItem\",\"position\":2,\"name\":\"Shop\",\"item\":\"https:\\\/\\\/valeriiaflowers.md\\\/magazin\\\/\"},{\"@type\":\"ListItem\",\"position\":3,\"name\":\"Norul parfumat de trandafiri Ohara \u201eRosa Odorata\u201d\"}]},{\"@type\":\"WebSite\",\"@id\":\"https:\\\/\\\/valeriiaflowers.md\\\/#website\",\"url\":\"https:\\\/\\\/valeriiaflowers.md\\\/\",\"name\":\"Valeriia Flowers\",\"description\":\"Valeriia Flowers \u2014 \u0446\u0432\u0435\u0442\u043e\u0447\u043d\u044b\u0439 \u0441\u0430\u043b\u043e\u043d \u0432 \u041a\u0438\u0448\u0438\u043d\u0451\u0432\u0435&lt;br&gt;&lt;strong&gt;Valeriia Flowers&lt;\\\/strong&gt; \u2014 \u044d\u0442\u043e \u043d\u0435 \u043f\u0440\u043e\u0441\u0442\u043e \u0446\u0432\u0435\u0442\u044b.&lt;br&gt;\u042d\u0442\u043e \u044d\u043c\u043e\u0446\u0438\u0438, \u043f\u0435\u0440\u0432\u043e\u0435 \u0432\u043f\u0435\u0447\u0430\u0442\u043b\u0435\u043d\u0438\u0435 \u0438 \u0442\u043e\u0442 \u0441\u0430\u043c\u044b\u0439 \u043c\u043e\u043c\u0435\u043d\u0442 \u00ab\u0432\u0430\u0443\u00bb, \u043a\u043e\u0442\u043e\u0440\u044b\u0439 \u0445\u043e\u0447\u0435\u0442\u0441\u044f \u0437\u0430\u043f\u043e\u043c\u043d\u0438\u0442\u044c.&lt;br&gt;\u041c\u0435\u043d\u044f \u0437\u043e\u0432\u0443\u0442 \u0412\u0430\u043b\u0435\u0440\u0438\u044f, \u0438 \u044f \u2014 \u043e\u0441\u043d\u043e\u0432\u0430\u0442\u0435\u043b\u044c\u043d\u0438\u0446\u0430 \u0446\u0432\u0435\u0442\u043e\u0447\u043d\u043e\u0433\u043e \u0441\u0430\u043b\u043e\u043d\u0430 &lt;strong&gt;Valeriia Flowers&lt;\\\/strong&gt; \u0432 \u041a\u0438\u0448\u0438\u043d\u0451\u0432\u0435.&lt;br&gt;\u0421\u043e\u0437\u0434\u0430\u0432\u0430\u044f \u044d\u0442\u043e\u0442 \u043f\u0440\u043e\u0435\u043a\u0442, \u043c\u043d\u0435 \u0431\u044b\u043b\u043e \u0432\u0430\u0436\u043d\u043e \u0443\u0439\u0442\u0438 \u043e\u0442 \u0448\u0430\u0431\u043b\u043e\u043d\u043d\u044b\u0445 \u043f\u0440\u0435\u0434\u0441\u0442\u0430\u0432\u043b\u0435\u043d\u0438\u0439 \u043e \u0444\u043b\u043e\u0440\u0438\u0441\u0442\u0438\u043a\u0435 \u0438 \u0433\u043e\u0432\u043e\u0440\u0438\u0442\u044c \u0441 \u043a\u043b\u0438\u0435\u043d\u0442\u0430\u043c\u0438 \u0447\u0435\u0441\u0442\u043d\u043e \u2014 \u0447\u0435\u0440\u0435\u0437 \u044d\u043c\u043e\u0446\u0438\u0438, \u0432\u043a\u0443\u0441 \u0438 \u0434\u043e\u0432\u0435\u0440\u0438\u0435.\",\"potentialAction\":[{\"@type\":\"SearchAction\",\"target\":{\"@type\":\"EntryPoint\",\"urlTemplate\":\"https:\\\/\\\/valeriiaflowers.md\\\/?s={search_term_string}\"},\"query-input\":{\"@type\":\"PropertyValueSpecification\",\"valueRequired\":true,\"valueName\":\"search_term_string\"}}],\"inLanguage\":\"ro-RO\"}]}<\/script>\n<!-- \/ Yoast SEO plugin. -->","yoast_head_json":{"title":"Norul parfumat de trandafiri Ohara \u201eRosa Odorata\u201d - Valeries Flowers","description":"Trandafiri Pink Ohara \u2014 un nor parfumat format din 17 trandafiri delicati de gr\u0103din\u0103. Trandafiri Pink Ohara \u2014 un nor parfumat format din 17 trandafiri delicati de gr\u0103din\u0103.Cadoul perfect cu livrare rapid\u0103 de flori \u00een Chi\u0219in\u0103u.","robots":{"index":"index","follow":"follow","max-snippet":"max-snippet:-1","max-image-preview":"max-image-preview:large","max-video-preview":"max-video-preview:-1"},"og_locale":"ro_RO","og_type":"article","og_title":"Norul parfumat de trandafiri Ohara \u201eRosa Odorata\u201d - Valeries Flowers","og_description":"Trandafiri Pink Ohara \u2014 un nor parfumat format din 17 trandafiri delicati de gr\u0103din\u0103. Trandafiri Pink Ohara \u2014 un nor parfumat format din 17 trandafiri delicati de gr\u0103din\u0103.Cadoul perfect cu livrare rapid\u0103 de flori \u00een Chi\u0219in\u0103u.","og_url":"https:\/\/valeriiaflowers.md\/ro\/produs\/norul-parfumat-de-trandafiri-ohara-rosa-odorata\/","og_site_name":"Valeries Flowers","article_modified_time":"2025-12-10T20:55:27+00:00","og_image":[{"width":747,"height":1024,"url":"https:\/\/valeriiaflowers.md\/wp-content\/uploads\/2025\/12\/img_2648.jpeg","type":"image\/jpeg"}],"twitter_card":"summary_large_image","schema":{"@context":"https:\/\/schema.org","@graph":[{"@type":"WebPage","@id":"https:\/\/valeriiaflowers.md\/ro\/produs\/norul-parfumat-de-trandafiri-ohara-rosa-odorata\/","url":"https:\/\/valeriiaflowers.md\/ro\/produs\/norul-parfumat-de-trandafiri-ohara-rosa-odorata\/","name":"Norul parfumat de trandafiri Ohara \u201eRosa Odorata\u201d - Valeries Flowers","isPartOf":{"@id":"https:\/\/valeriiaflowers.md\/#website"},"primaryImageOfPage":{"@id":"https:\/\/valeriiaflowers.md\/ro\/produs\/norul-parfumat-de-trandafiri-ohara-rosa-odorata\/#primaryimage"},"image":{"@id":"https:\/\/valeriiaflowers.md\/ro\/produs\/norul-parfumat-de-trandafiri-ohara-rosa-odorata\/#primaryimage"},"thumbnailUrl":"https:\/\/valeriiaflowers.md\/wp-content\/uploads\/2025\/12\/img_2648.jpeg","datePublished":"2025-12-10T20:45:17+00:00","dateModified":"2025-12-10T20:55:27+00:00","description":"Trandafiri Pink Ohara \u2014 un nor parfumat format din 17 trandafiri delicati de gr\u0103din\u0103. Trandafiri Pink Ohara \u2014 un nor parfumat format din 17 trandafiri delicati de gr\u0103din\u0103.Cadoul perfect cu livrare rapid\u0103 de flori \u00een Chi\u0219in\u0103u.","breadcrumb":{"@id":"https:\/\/valeriiaflowers.md\/ro\/produs\/norul-parfumat-de-trandafiri-ohara-rosa-odorata\/#breadcrumb"},"inLanguage":"ro-RO","potentialAction":[{"@type":"ReadAction","target":["https:\/\/valeriiaflowers.md\/ro\/produs\/norul-parfumat-de-trandafiri-ohara-rosa-odorata\/"]}]},{"@type":"ImageObject","inLanguage":"ro-RO","@id":"https:\/\/valeriiaflowers.md\/ro\/produs\/norul-parfumat-de-trandafiri-ohara-rosa-odorata\/#primaryimage","url":"https:\/\/valeriiaflowers.md\/wp-content\/uploads\/2025\/12\/img_2648.jpeg","contentUrl":"https:\/\/valeriiaflowers.md\/wp-content\/uploads\/2025\/12\/img_2648.jpeg","width":747,"height":1024},{"@type":"BreadcrumbList","@id":"https:\/\/valeriiaflowers.md\/ro\/produs\/norul-parfumat-de-trandafiri-ohara-rosa-odorata\/#breadcrumb","itemListElement":[{"@type":"ListItem","position":1,"name":"\u0413\u043b\u0430\u0432\u043d\u0430\u044f \u0441\u0442\u0440\u0430\u043d\u0438\u0446\u0430","item":"https:\/\/valeriiaflowers.md\/ro\/"},{"@type":"ListItem","position":2,"name":"Shop","item":"https:\/\/valeriiaflowers.md\/magazin\/"},{"@type":"ListItem","position":3,"name":"Norul parfumat de trandafiri Ohara \u201eRosa Odorata\u201d"}]},{"@type":"WebSite","@id":"https:\/\/valeriiaflowers.md\/#website","url":"https:\/\/valeriiaflowers.md\/","name":"Valeriia Flowers","description":"Valeriia Flowers \u2014 \u0446\u0432\u0435\u0442\u043e\u0447\u043d\u044b\u0439 \u0441\u0430\u043b\u043e\u043d \u0432 \u041a\u0438\u0448\u0438\u043d\u0451\u0432\u0435&lt;br&gt;&lt;strong&gt;Valeriia Flowers&lt;\/strong&gt; \u2014 \u044d\u0442\u043e \u043d\u0435 \u043f\u0440\u043e\u0441\u0442\u043e \u0446\u0432\u0435\u0442\u044b.&lt;br&gt;\u042d\u0442\u043e \u044d\u043c\u043e\u0446\u0438\u0438, \u043f\u0435\u0440\u0432\u043e\u0435 \u0432\u043f\u0435\u0447\u0430\u0442\u043b\u0435\u043d\u0438\u0435 \u0438 \u0442\u043e\u0442 \u0441\u0430\u043c\u044b\u0439 \u043c\u043e\u043c\u0435\u043d\u0442 \u00ab\u0432\u0430\u0443\u00bb, \u043a\u043e\u0442\u043e\u0440\u044b\u0439 \u0445\u043e\u0447\u0435\u0442\u0441\u044f \u0437\u0430\u043f\u043e\u043c\u043d\u0438\u0442\u044c.&lt;br&gt;\u041c\u0435\u043d\u044f \u0437\u043e\u0432\u0443\u0442 \u0412\u0430\u043b\u0435\u0440\u0438\u044f, \u0438 \u044f \u2014 \u043e\u0441\u043d\u043e\u0432\u0430\u0442\u0435\u043b\u044c\u043d\u0438\u0446\u0430 \u0446\u0432\u0435\u0442\u043e\u0447\u043d\u043e\u0433\u043e \u0441\u0430\u043b\u043e\u043d\u0430 &lt;strong&gt;Valeriia Flowers&lt;\/strong&gt; \u0432 \u041a\u0438\u0448\u0438\u043d\u0451\u0432\u0435.&lt;br&gt;\u0421\u043e\u0437\u0434\u0430\u0432\u0430\u044f \u044d\u0442\u043e\u0442 \u043f\u0440\u043e\u0435\u043a\u0442, \u043c\u043d\u0435 \u0431\u044b\u043b\u043e \u0432\u0430\u0436\u043d\u043e \u0443\u0439\u0442\u0438 \u043e\u0442 \u0448\u0430\u0431\u043b\u043e\u043d\u043d\u044b\u0445 \u043f\u0440\u0435\u0434\u0441\u0442\u0430\u0432\u043b\u0435\u043d\u0438\u0439 \u043e \u0444\u043b\u043e\u0440\u0438\u0441\u0442\u0438\u043a\u0435 \u0438 \u0433\u043e\u0432\u043e\u0440\u0438\u0442\u044c \u0441 \u043a\u043b\u0438\u0435\u043d\u0442\u0430\u043c\u0438 \u0447\u0435\u0441\u0442\u043d\u043e \u2014 \u0447\u0435\u0440\u0435\u0437 \u044d\u043c\u043e\u0446\u0438\u0438, \u0432\u043a\u0443\u0441 \u0438 \u0434\u043e\u0432\u0435\u0440\u0438\u0435.","potentialAction":[{"@type":"SearchAction","target":{"@type":"EntryPoint","urlTemplate":"https:\/\/valeriiaflowers.md\/?s={search_term_string}"},"query-input":{"@type":"PropertyValueSpecification","valueRequired":true,"valueName":"search_term_string"}}],"inLanguage":"ro-RO"}]}},"acf":[],"_links":{"self":[{"href":"https:\/\/valeriiaflowers.md\/ro\/wp-json\/wp\/v2\/product\/1803","targetHints":{"allow":["GET"]}}],"collection":[{"href":"https:\/\/valeriiaflowers.md\/ro\/wp-json\/wp\/v2\/product"}],"about":[{"href":"https:\/\/valeriiaflowers.md\/ro\/wp-json\/wp\/v2\/types\/product"}],"replies":[{"embeddable":true,"href":"https:\/\/valeriiaflowers.md\/ro\/wp-json\/wp\/v2\/comments?post=1803"}],"wp:featuredmedia":[{"embeddable":true,"href":"https:\/\/valeriiaflowers.md\/ro\/wp-json\/wp\/v2\/media\/1801"}],"wp:attachment":[{"href":"https:\/\/valeriiaflowers.md\/ro\/wp-json\/wp\/v2\/media?parent=1803"}],"wp:term":[{"taxonomy":"product_brand","embeddable":true,"href":"https:\/\/valeriiaflowers.md\/ro\/wp-json\/wp\/v2\/product_brand?post=1803"},{"taxonomy":"product_cat","embeddable":true,"href":"https:\/\/valeriiaflowers.md\/ro\/wp-json\/wp\/v2\/product_cat?post=1803"},{"taxonomy":"product_tag","embeddable":true,"href":"https:\/\/valeriiaflowers.md\/ro\/wp-json\/wp\/v2\/product_tag?post=1803"},{"taxonomy":"specifications","embeddable":true,"href":"https:\/\/valeriiaflowers.md\/ro\/wp-json\/wp\/v2\/specifications?post=1803"}],"curies":[{"name":"wp","href":"https:\/\/api.w.org\/{rel}","templated":true}]}}